{"id":3278,"date":"2023-06-15T10:31:06","date_gmt":"2023-06-15T10:31:06","guid":{"rendered":"https:\/\/pine3marketing.com\/om\/"},"modified":"2024-02-08T11:51:37","modified_gmt":"2024-02-08T11:51:37","slug":"om","status":"publish","type":"page","link":"https:\/\/pine3marketing.com\/no\/om\/","title":{"rendered":"Om oss"},"content":{"rendered":"\t\t<div data-elementor-type=\"wp-page\" data-elementor-id=\"3278\" class=\"elementor elementor-3278 elementor-633\" data-elementor-post-type=\"page\">\n\t\t\t\t\t\t<section class=\"elementor-section elementor-top-section elementor-element elementor-element-14dbb43 elementor-section-boxed elementor-section-height-default elementor-section-height-default\" data-id=\"14dbb43\" data-element_type=\"section\" data-e-type=\"section\" data-settings=\"{&quot;background_background&quot;:&quot;classic&quot;}\">\n\t\t\t\t\t\t\t<div class=\"elementor-background-overlay\"><\/div>\n\t\t\t\t\t\t\t<div class=\"elementor-container elementor-column-gap-no\">\n\t\t\t\t\t<div class=\"elementor-column elementor-col-100 elementor-top-column elementor-element elementor-element-b2c6c1f\" data-id=\"b2c6c1f\" data-element_type=\"column\" data-e-type=\"column\">\n\t\t\t<div class=\"elementor-widget-wrap elementor-element-populated\">\n\t\t\t\t\t\t<div class=\"elementor-element elementor-element-cd21b8d elementor-widget-divider--view-line elementor-widget elementor-widget-divider\" data-id=\"cd21b8d\" data-element_type=\"widget\" data-e-type=\"widget\" data-widget_type=\"divider.default\">\n\t\t\t\t<div class=\"elementor-widget-container\">\n\t\t\t\t\t\t\t<div class=\"elementor-divider\">\n\t\t\t<span class=\"elementor-divider-separator\">\n\t\t\t\t\t\t<\/span>\n\t\t<\/div>\n\t\t\t\t\t\t<\/div>\n\t\t\t\t<\/div>\n\t\t\t\t<div class=\"elementor-element elementor-element-24c8cab elementor-widget elementor-widget-heading\" data-id=\"24c8cab\" data-element_type=\"widget\" data-e-type=\"widget\" data-widget_type=\"heading.default\">\n\t\t\t\t<div class=\"elementor-widget-container\">\n\t\t\t\t\t<h1 class=\"elementor-heading-title elementor-size-default\">Om oss<\/h1>\t\t\t\t<\/div>\n\t\t\t\t<\/div>\n\t\t\t\t\t<\/div>\n\t\t<\/div>\n\t\t\t\t\t<\/div>\n\t\t<\/section>\n\t\t\t\t<section class=\"elementor-section elementor-top-section elementor-element elementor-element-4c362b1 elementor-section-boxed elementor-section-height-default elementor-section-height-default\" data-id=\"4c362b1\" data-element_type=\"section\" data-e-type=\"section\" data-settings=\"{&quot;background_background&quot;:&quot;classic&quot;}\">\n\t\t\t\t\t\t<div class=\"elementor-container elementor-column-gap-default\">\n\t\t\t\t\t<div class=\"elementor-column elementor-col-50 elementor-top-column elementor-element elementor-element-822078e\" data-id=\"822078e\" data-element_type=\"column\" data-e-type=\"column\">\n\t\t\t<div class=\"elementor-widget-wrap\">\n\t\t\t\t\t\t\t<\/div>\n\t\t<\/div>\n\t\t\t\t<div class=\"elementor-column elementor-col-50 elementor-top-column elementor-element elementor-element-6a90220\" data-id=\"6a90220\" data-element_type=\"column\" data-e-type=\"column\">\n\t\t\t<div class=\"elementor-widget-wrap elementor-element-populated\">\n\t\t\t\t\t\t<div class=\"elementor-element elementor-element-e2abe78 elementor-invisible elementor-widget elementor-widget-heading\" data-id=\"e2abe78\" data-element_type=\"widget\" data-e-type=\"widget\" data-settings=\"{&quot;_animation&quot;:&quot;fadeInDown&quot;}\" data-widget_type=\"heading.default\">\n\t\t\t\t<div class=\"elementor-widget-container\">\n\t\t\t\t\t<h3 class=\"elementor-heading-title elementor-size-default\">En unik tiln\u00e6rming<\/h3>\t\t\t\t<\/div>\n\t\t\t\t<\/div>\n\t\t\t\t<div class=\"elementor-element elementor-element-b9a7fe1 elementor-widget elementor-widget-text-editor\" data-id=\"b9a7fe1\" data-element_type=\"widget\" data-e-type=\"widget\" data-widget_type=\"text-editor.default\">\n\t\t\t\t<div class=\"elementor-widget-container\">\n\t\t\t\t\t\t\t\t\t<p><span style=\"font-weight: 400;\">Alle virksomheter er unike, og vi samarbeider derfor tett med kundene v\u00e5re for \u00e5 forst\u00e5 virksomhetens m\u00e5l, verdier og m\u00e5lgruppe.  <\/span><\/p>\n<p><span style=\"font-weight: 400;\">Vi utvikler markedsf\u00f8ringsstrategier som bist\u00e5r bedriften \u00e5 skape gode kundereiser og m\u00f8te langsiktige salgsm\u00e5l. Har bedriften en eksisterende markedsf\u00f8ringsplan, analyserer vi denne og identifisere forbedringsomr\u00e5der.<\/span><\/p>\n\t\t\t\t\t\t\t\t<\/div>\n\t\t\t\t<\/div>\n\t\t\t\t<div class=\"elementor-element elementor-element-54d85fa elementor-invisible elementor-widget elementor-widget-heading\" data-id=\"54d85fa\" data-element_type=\"widget\" data-e-type=\"widget\" data-settings=\"{&quot;_animation&quot;:&quot;fadeInDown&quot;}\" data-widget_type=\"heading.default\">\n\t\t\t\t<div class=\"elementor-widget-container\">\n\t\t\t\t\t<h3 class=\"elementor-heading-title elementor-size-default\">Kundereise<\/h3>\t\t\t\t<\/div>\n\t\t\t\t<\/div>\n\t\t\t\t<div class=\"elementor-element elementor-element-727a420 elementor-widget elementor-widget-text-editor\" data-id=\"727a420\" data-element_type=\"widget\" data-e-type=\"widget\" data-widget_type=\"text-editor.default\">\n\t\t\t\t<div class=\"elementor-widget-container\">\n\t\t\t\t\t\t\t\t\t<p><span style=\"font-weight: 400;\">Kundereisen en sentral i v\u00e5r tiln\u00e6rming til markedsf\u00f8ring. Denne reisen vil v\u00e6re unik for hver enkelt bedrift, og tilpasning av markedsf\u00f8ringen deretter er n\u00f8dvendig for en velfungerende markedsf\u00f8ringsstrategi. Alle v\u00e5re tjenester er knyttet til et helhetlig m\u00e5l om \u00e5 skape gode kundereiser for v\u00e5re kunders kunder.<\/span><\/p>\n\t\t\t\t\t\t\t\t<\/div>\n\t\t\t\t<\/div>\n\t\t\t\t\t<\/div>\n\t\t<\/div>\n\t\t\t\t\t<\/div>\n\t\t<\/section>\n\t\t\t\t<section class=\"elementor-section elementor-top-section elementor-element elementor-element-e968402 elementor-section-boxed elementor-section-height-default elementor-section-height-default\" data-id=\"e968402\" data-element_type=\"section\" data-e-type=\"section\" data-settings=\"{&quot;background_background&quot;:&quot;classic&quot;}\">\n\t\t\t\t\t\t<div class=\"elementor-container elementor-column-gap-default\">\n\t\t\t\t\t<div class=\"elementor-column elementor-col-50 elementor-top-column elementor-element elementor-element-db75b9e\" data-id=\"db75b9e\" data-element_type=\"column\" data-e-type=\"column\">\n\t\t\t<div class=\"elementor-widget-wrap elementor-element-populated\">\n\t\t\t\t\t\t<div class=\"elementor-element elementor-element-d167ce1 elementor-invisible elementor-widget elementor-widget-heading\" data-id=\"d167ce1\" data-element_type=\"widget\" data-e-type=\"widget\" data-settings=\"{&quot;_animation&quot;:&quot;fadeInDown&quot;}\" data-widget_type=\"heading.default\">\n\t\t\t\t<div class=\"elementor-widget-container\">\n\t\t\t\t\t<h3 class=\"elementor-heading-title elementor-size-default\">Gode relasjoner<\/h3>\t\t\t\t<\/div>\n\t\t\t\t<\/div>\n\t\t\t\t<div class=\"elementor-element elementor-element-c6b6d3e elementor-widget elementor-widget-text-editor\" data-id=\"c6b6d3e\" data-element_type=\"widget\" data-e-type=\"widget\" data-widget_type=\"text-editor.default\">\n\t\t\t\t<div class=\"elementor-widget-container\">\n\t\t\t\t\t\t\t\t\t<p><span style=\"font-weight: 400;\">Vi er ikke et et helt vanlig markedsf\u00f8ringsselskap. Vi knytter gode og langvarige relasjoner til kundene v\u00e5re. Vi har en personlig tiln\u00e6rming til tjenestene v\u00e5re og legger stor vekt p\u00e5 \u00e5 forst\u00e5 kundenes behov, og bruker slik ikke bare den samme tiln\u00e6rmingen til alle. <\/span><\/p>\n\t\t\t\t\t\t\t\t<\/div>\n\t\t\t\t<\/div>\n\t\t\t\t<div class=\"elementor-element elementor-element-685735c elementor-invisible elementor-widget elementor-widget-heading\" data-id=\"685735c\" data-element_type=\"widget\" data-e-type=\"widget\" data-settings=\"{&quot;_animation&quot;:&quot;fadeInDown&quot;}\" data-widget_type=\"heading.default\">\n\t\t\t\t<div class=\"elementor-widget-container\">\n\t\t\t\t\t<h3 class=\"elementor-heading-title elementor-size-default\">En dynamiske fremgangsm\u00e5te<\/h3>\t\t\t\t<\/div>\n\t\t\t\t<\/div>\n\t\t\t\t<div class=\"elementor-element elementor-element-64fb1b0 elementor-widget elementor-widget-text-editor\" data-id=\"64fb1b0\" data-element_type=\"widget\" data-e-type=\"widget\" data-widget_type=\"text-editor.default\">\n\t\t\t\t<div class=\"elementor-widget-container\">\n\t\t\t\t\t\t\t\t\t<p><span style=\"font-weight: 400;\">Pine3 Marketing tilbyr et bredt spekter av digitale markedsf\u00f8ringstjenester. Vi har base i vakre Cape Town, i S\u00f8r Afrika, men vi jobber med kunder over hele verden. Vi har et multinasjonalt team av spesialister p\u00e5 ulike omr\u00e5der innen digital markedsf\u00f8ring som brenner for \u00e5 hjelpe kundene v\u00e5re med \u00e5 lykkes.<\/span><\/p>\n<p><span style=\"font-weight: 400;\">\u00c5 v\u00e6re et multinasjonalt team gir en rekke fordeler. Det gir oss en bedre forst\u00e5else av mangfold, fremmer innovasjon og gir bedre tilpasningsevne. <\/span><\/p>\n\t\t\t\t\t\t\t\t<\/div>\n\t\t\t\t<\/div>\n\t\t\t\t\t<\/div>\n\t\t<\/div>\n\t\t\t\t<div class=\"elementor-column elementor-col-50 elementor-top-column elementor-element elementor-element-0b99c2e\" data-id=\"0b99c2e\" data-element_type=\"column\" data-e-type=\"column\">\n\t\t\t<div class=\"elementor-widget-wrap\">\n\t\t\t\t\t\t\t<\/div>\n\t\t<\/div>\n\t\t\t\t\t<\/div>\n\t\t<\/section>\n\t\t\t\t<\/div>\n\t\t","protected":false},"excerpt":{"rendered":"<p>Om oss En unik tiln\u00e6rming Alle virksomheter er unike, og vi samarbeider derfor tett med kundene v\u00e5re for \u00e5 forst\u00e5 virksomhetens m\u00e5l, verdier og m\u00e5lgruppe. Vi utvikler markedsf\u00f8ringsstrategier som bist\u00e5r bedriften \u00e5 skape gode kundereiser og m\u00f8te langsiktige salgsm\u00e5l. Har bedriften en eksisterende markedsf\u00f8ringsplan, analyserer vi denne og identifisere forbedringsomr\u00e5der. Kundereise Kundereisen en sentral i [&hellip;]<\/p>\n","protected":false},"author":1,"featured_media":0,"parent":0,"menu_order":0,"comment_status":"closed","ping_status":"closed","template":"","meta":{"_uag_custom_page_level_css":"","site-sidebar-layout":"no-sidebar","site-content-layout":"page-builder","ast-site-content-layout":"default","site-content-style":"default","site-sidebar-style":"default","ast-global-header-display":"","ast-banner-title-visibility":"","ast-main-header-display":"","ast-hfb-above-header-display":"","ast-hfb-below-header-display":"","ast-hfb-mobile-header-display":"","site-post-title":"disabled","ast-breadcrumbs-content":"","ast-featured-img":"disabled","footer-sml-layout":"","ast-disable-related-posts":"","theme-transparent-header-meta":"enabled","adv-header-id-meta":"","stick-header-meta":"","header-above-stick-meta":"","header-main-stick-meta":"","header-below-stick-meta":"","astra-migrate-meta-layouts":"default","ast-page-background-enabled":"default","ast-page-background-meta":{"desktop":{"background-color":"","background-image":"","background-repeat":"repeat","background-position":"center center","background-size":"auto","background-attachment":"scroll","background-type":"","background-media":"","overlay-type":"","overlay-color":"","overlay-opacity":"","overlay-gradient":""},"tablet":{"background-color":"","background-image":"","background-repeat":"repeat","background-position":"center center","background-size":"auto","background-attachment":"scroll","background-type":"","background-media":"","overlay-type":"","overlay-color":"","overlay-opacity":"","overlay-gradient":""},"mobile":{"background-color":"","background-image":"","background-repeat":"repeat","background-position":"center center","background-size":"auto","background-attachment":"scroll","background-type":"","background-media":"","overlay-type":"","overlay-color":"","overlay-opacity":"","overlay-gradient":""}},"ast-content-background-meta":{"desktop":{"background-color":"var(--ast-global-color-5)","background-image":"","background-repeat":"repeat","background-position":"center center","background-size":"auto","background-attachment":"scroll","background-type":"","background-media":"","overlay-type":"","overlay-color":"","overlay-opacity":"","overlay-gradient":""},"tablet":{"background-color":"var(--ast-global-color-5)","background-image":"","background-repeat":"repeat","background-position":"center center","background-size":"auto","background-attachment":"scroll","background-type":"","background-media":"","overlay-type":"","overlay-color":"","overlay-opacity":"","overlay-gradient":""},"mobile":{"background-color":"var(--ast-global-color-5)","background-image":"","background-repeat":"repeat","background-position":"center center","background-size":"auto","background-attachment":"scroll","background-type":"","background-media":"","overlay-type":"","overlay-color":"","overlay-opacity":"","overlay-gradient":""}},"footnotes":""},"class_list":["post-3278","page","type-page","status-publish","hentry"],"yoast_head":"<!-- This site is optimized with the Yoast SEO plugin v27.5 - https:\/\/yoast.com\/product\/yoast-seo-wordpress\/ -->\n<title>Om oss - Pine3 Marketing<\/title>\n<meta name=\"robots\" content=\"index, follow, max-snippet:-1, max-image-preview:large, max-video-preview:-1\" \/>\n<link rel=\"canonical\" href=\"https:\/\/pine3marketing.com\/no\/om\/\" \/>\n<meta property=\"og:locale\" content=\"nb_NO\" \/>\n<meta property=\"og:type\" content=\"article\" \/>\n<meta property=\"og:title\" content=\"Om oss - Pine3 Marketing\" \/>\n<meta property=\"og:description\" content=\"Om oss En unik tiln\u00e6rming Alle virksomheter er unike, og vi samarbeider derfor tett med kundene v\u00e5re for \u00e5 forst\u00e5 virksomhetens m\u00e5l, verdier og m\u00e5lgruppe. Vi utvikler markedsf\u00f8ringsstrategier som bist\u00e5r bedriften \u00e5 skape gode kundereiser og m\u00f8te langsiktige salgsm\u00e5l. Har bedriften en eksisterende markedsf\u00f8ringsplan, analyserer vi denne og identifisere forbedringsomr\u00e5der. Kundereise Kundereisen en sentral i [&hellip;]\" \/>\n<meta property=\"og:url\" content=\"https:\/\/pine3marketing.com\/no\/om\/\" \/>\n<meta property=\"og:site_name\" content=\"Pine3 Marketing\" \/>\n<meta property=\"article:publisher\" content=\"https:\/\/www.facebook.com\/pine3marketing\" \/>\n<meta property=\"article:modified_time\" content=\"2024-02-08T11:51:37+00:00\" \/>\n<meta name=\"twitter:card\" content=\"summary_large_image\" \/>\n<meta name=\"twitter:label1\" content=\"Ansl. lesetid\" \/>\n\t<meta name=\"twitter:data1\" content=\"1 minutt\" \/>\n<script type=\"application\/ld+json\" class=\"yoast-schema-graph\">{\"@context\":\"https:\\\/\\\/schema.org\",\"@graph\":[{\"@type\":\"WebPage\",\"@id\":\"https:\\\/\\\/pine3marketing.com\\\/no\\\/om\\\/\",\"url\":\"https:\\\/\\\/pine3marketing.com\\\/no\\\/om\\\/\",\"name\":\"Om oss - Pine3 Marketing\",\"isPartOf\":{\"@id\":\"https:\\\/\\\/pine3marketing.com\\\/no\\\/#website\"},\"datePublished\":\"2023-06-15T10:31:06+00:00\",\"dateModified\":\"2024-02-08T11:51:37+00:00\",\"breadcrumb\":{\"@id\":\"https:\\\/\\\/pine3marketing.com\\\/no\\\/om\\\/#breadcrumb\"},\"inLanguage\":\"nb-NO\",\"potentialAction\":[{\"@type\":\"ReadAction\",\"target\":[\"https:\\\/\\\/pine3marketing.com\\\/no\\\/om\\\/\"]}]},{\"@type\":\"BreadcrumbList\",\"@id\":\"https:\\\/\\\/pine3marketing.com\\\/no\\\/om\\\/#breadcrumb\",\"itemListElement\":[{\"@type\":\"ListItem\",\"position\":1,\"name\":\"Home\",\"item\":\"https:\\\/\\\/pine3marketing.com\\\/no\\\/\"},{\"@type\":\"ListItem\",\"position\":2,\"name\":\"Om oss\"}]},{\"@type\":\"WebSite\",\"@id\":\"https:\\\/\\\/pine3marketing.com\\\/no\\\/#website\",\"url\":\"https:\\\/\\\/pine3marketing.com\\\/no\\\/\",\"name\":\"Pine3 Marketing - Let's create amazing customer journeys\",\"description\":\"We create amazing customer journeys\",\"publisher\":{\"@id\":\"https:\\\/\\\/pine3marketing.com\\\/no\\\/#organization\"},\"potentialAction\":[{\"@type\":\"SearchAction\",\"target\":{\"@type\":\"EntryPoint\",\"urlTemplate\":\"https:\\\/\\\/pine3marketing.com\\\/no\\\/?s={search_term_string}\"},\"query-input\":{\"@type\":\"PropertyValueSpecification\",\"valueRequired\":true,\"valueName\":\"search_term_string\"}}],\"inLanguage\":\"nb-NO\"},{\"@type\":\"Organization\",\"@id\":\"https:\\\/\\\/pine3marketing.com\\\/no\\\/#organization\",\"name\":\"Pine3 Marketing\",\"url\":\"https:\\\/\\\/pine3marketing.com\\\/no\\\/\",\"logo\":{\"@type\":\"ImageObject\",\"inLanguage\":\"nb-NO\",\"@id\":\"https:\\\/\\\/pine3marketing.com\\\/no\\\/#\\\/schema\\\/logo\\\/image\\\/\",\"url\":\"https:\\\/\\\/pine3marketing.com\\\/wp-content\\\/uploads\\\/2023\\\/08\\\/Pine-3-Corporate-ID-_Primary-Logo-on-clear-cropped-1.png\",\"contentUrl\":\"https:\\\/\\\/pine3marketing.com\\\/wp-content\\\/uploads\\\/2023\\\/08\\\/Pine-3-Corporate-ID-_Primary-Logo-on-clear-cropped-1.png\",\"width\":1593,\"height\":765,\"caption\":\"Pine3 Marketing\"},\"image\":{\"@id\":\"https:\\\/\\\/pine3marketing.com\\\/no\\\/#\\\/schema\\\/logo\\\/image\\\/\"},\"sameAs\":[\"https:\\\/\\\/www.facebook.com\\\/pine3marketing\",\"https:\\\/\\\/www.linkedin.com\\\/company\\\/pine3-marketing\",\"https:\\\/\\\/www.instagram.com\\\/pine3marketing\\\/?hl=en\"]}]}<\/script>\n<!-- \/ Yoast SEO plugin. -->","yoast_head_json":{"title":"Om oss - Pine3 Marketing","robots":{"index":"index","follow":"follow","max-snippet":"max-snippet:-1","max-image-preview":"max-image-preview:large","max-video-preview":"max-video-preview:-1"},"canonical":"https:\/\/pine3marketing.com\/no\/om\/","og_locale":"nb_NO","og_type":"article","og_title":"Om oss - Pine3 Marketing","og_description":"Om oss En unik tiln\u00e6rming Alle virksomheter er unike, og vi samarbeider derfor tett med kundene v\u00e5re for \u00e5 forst\u00e5 virksomhetens m\u00e5l, verdier og m\u00e5lgruppe. Vi utvikler markedsf\u00f8ringsstrategier som bist\u00e5r bedriften \u00e5 skape gode kundereiser og m\u00f8te langsiktige salgsm\u00e5l. Har bedriften en eksisterende markedsf\u00f8ringsplan, analyserer vi denne og identifisere forbedringsomr\u00e5der. Kundereise Kundereisen en sentral i [&hellip;]","og_url":"https:\/\/pine3marketing.com\/no\/om\/","og_site_name":"Pine3 Marketing","article_publisher":"https:\/\/www.facebook.com\/pine3marketing","article_modified_time":"2024-02-08T11:51:37+00:00","twitter_card":"summary_large_image","twitter_misc":{"Ansl. lesetid":"1 minutt"},"schema":{"@context":"https:\/\/schema.org","@graph":[{"@type":"WebPage","@id":"https:\/\/pine3marketing.com\/no\/om\/","url":"https:\/\/pine3marketing.com\/no\/om\/","name":"Om oss - Pine3 Marketing","isPartOf":{"@id":"https:\/\/pine3marketing.com\/no\/#website"},"datePublished":"2023-06-15T10:31:06+00:00","dateModified":"2024-02-08T11:51:37+00:00","breadcrumb":{"@id":"https:\/\/pine3marketing.com\/no\/om\/#breadcrumb"},"inLanguage":"nb-NO","potentialAction":[{"@type":"ReadAction","target":["https:\/\/pine3marketing.com\/no\/om\/"]}]},{"@type":"BreadcrumbList","@id":"https:\/\/pine3marketing.com\/no\/om\/#breadcrumb","itemListElement":[{"@type":"ListItem","position":1,"name":"Home","item":"https:\/\/pine3marketing.com\/no\/"},{"@type":"ListItem","position":2,"name":"Om oss"}]},{"@type":"WebSite","@id":"https:\/\/pine3marketing.com\/no\/#website","url":"https:\/\/pine3marketing.com\/no\/","name":"Pine3 Marketing - Let's create amazing customer journeys","description":"We create amazing customer journeys","publisher":{"@id":"https:\/\/pine3marketing.com\/no\/#organization"},"potentialAction":[{"@type":"SearchAction","target":{"@type":"EntryPoint","urlTemplate":"https:\/\/pine3marketing.com\/no\/?s={search_term_string}"},"query-input":{"@type":"PropertyValueSpecification","valueRequired":true,"valueName":"search_term_string"}}],"inLanguage":"nb-NO"},{"@type":"Organization","@id":"https:\/\/pine3marketing.com\/no\/#organization","name":"Pine3 Marketing","url":"https:\/\/pine3marketing.com\/no\/","logo":{"@type":"ImageObject","inLanguage":"nb-NO","@id":"https:\/\/pine3marketing.com\/no\/#\/schema\/logo\/image\/","url":"https:\/\/pine3marketing.com\/wp-content\/uploads\/2023\/08\/Pine-3-Corporate-ID-_Primary-Logo-on-clear-cropped-1.png","contentUrl":"https:\/\/pine3marketing.com\/wp-content\/uploads\/2023\/08\/Pine-3-Corporate-ID-_Primary-Logo-on-clear-cropped-1.png","width":1593,"height":765,"caption":"Pine3 Marketing"},"image":{"@id":"https:\/\/pine3marketing.com\/no\/#\/schema\/logo\/image\/"},"sameAs":["https:\/\/www.facebook.com\/pine3marketing","https:\/\/www.linkedin.com\/company\/pine3-marketing","https:\/\/www.instagram.com\/pine3marketing\/?hl=en"]}]}},"uagb_featured_image_src":{"full":false,"thumbnail":false,"medium":false,"medium_large":false,"large":false,"1536x1536":false,"2048x2048":false},"uagb_author_info":{"display_name":"Pine3 Marketing","author_link":"https:\/\/pine3marketing.com\/no\/post\/author\/pine3marketing2023\/"},"uagb_comment_info":0,"uagb_excerpt":"Om oss En unik tiln\u00e6rming Alle virksomheter er unike, og vi samarbeider derfor tett med kundene v\u00e5re for \u00e5 forst\u00e5 virksomhetens m\u00e5l, verdier og m\u00e5lgruppe. Vi utvikler markedsf\u00f8ringsstrategier som bist\u00e5r bedriften \u00e5 skape gode kundereiser og m\u00f8te langsiktige salgsm\u00e5l. Har bedriften en eksisterende markedsf\u00f8ringsplan, analyserer vi denne og identifisere forbedringsomr\u00e5der. Kundereise Kundereisen en sentral i&hellip;","_links":{"self":[{"href":"https:\/\/pine3marketing.com\/no\/wp-json\/wp\/v2\/pages\/3278","targetHints":{"allow":["GET"]}}],"collection":[{"href":"https:\/\/pine3marketing.com\/no\/wp-json\/wp\/v2\/pages"}],"about":[{"href":"https:\/\/pine3marketing.com\/no\/wp-json\/wp\/v2\/types\/page"}],"author":[{"embeddable":true,"href":"https:\/\/pine3marketing.com\/no\/wp-json\/wp\/v2\/users\/1"}],"replies":[{"embeddable":true,"href":"https:\/\/pine3marketing.com\/no\/wp-json\/wp\/v2\/comments?post=3278"}],"version-history":[{"count":6,"href":"https:\/\/pine3marketing.com\/no\/wp-json\/wp\/v2\/pages\/3278\/revisions"}],"predecessor-version":[{"id":3541,"href":"https:\/\/pine3marketing.com\/no\/wp-json\/wp\/v2\/pages\/3278\/revisions\/3541"}],"wp:attachment":[{"href":"https:\/\/pine3marketing.com\/no\/wp-json\/wp\/v2\/media?parent=3278"}],"curies":[{"name":"wp","href":"https:\/\/api.w.org\/{rel}","templated":true}]}}